{"id":342,"date":"2019-09-04T12:02:57","date_gmt":"2019-09-04T12:02:57","guid":{"rendered":"http:\/\/tubularlights.de\/?post_type=product&#038;p=342"},"modified":"2026-04-17T05:26:38","modified_gmt":"2026-04-17T05:26:38","slug":"tubular-lights-komplett-set-500mm-hoehe","status":"publish","type":"product","link":"https:\/\/tubularlights.de\/?product=tubular-lights-komplett-set-500mm-hoehe","title":{"rendered":"TUBULAR LIGHTS\u00ae Komplett-Set 50cm"},"content":{"rendered":"<p>F\u00fcr Hochzeiten, Firmenbrandings oder als Dekoelement: TUBULAR LIGHTS\u00ae sind f\u00fcr verschiedenste Einsatzszenarien entwickelt. Sie bieten durch ihre flexible Bauweise maximalen Gestaltungsspielraum und sind auch als wasserfeste Ausf\u00fchrung f\u00fcr den Au\u00dfenbereich erh\u00e4ltlich. F\u00fcgen Sie Ihr Logo als EPS-Datei der Bestellung bei. Wir machen einen kostenfreien Datencheck und senden Ihnen die Druckfreigabedatei innerhalb von zwei Werktagen zu. Sie m\u00f6chten eine andere K\u00f6rperfarbe, haben aber schon einen Standfu\u00df\/Ring? Kein Problem! Sie erhalten sowohl Fu\u00df\/Ring als auch den K\u00f6rper einzeln.<\/p>\n<ul>\n<li>Die Druckdatei wird in einem der folgenden Formate ben\u00f6tigt: <strong>EPS, DXF, DWG.<\/strong> Alle anderen Formate sind prinzipiell verwendbar, bedeuten aber Mehrkosten.<\/li>\n<li>F\u00fcr etwaige Lizenzgeb\u00fchren auf zur Verf\u00fcgung gestellte Logos \u00fcbernimmt der Auftraggeber die volle Haftung; eine Pr\u00fcfung erfolgt nicht.<\/li>\n<li>Abgebildet ist jeweils die Kombination von Lampenk\u00f6rper und Abschlu\u00dfring in einheitlicher Farbgebung. Selbstverst\u00e4ndlich kann die Farbe des Ringes auch individuell gew\u00e4hlt werden, beispielweise in der des Lampenfu\u00dfes. Geben Sie hierzu bei der Bestellung im Hinweisfeld Ihre Wunschfarbe an.<\/li>\n<\/ul>\n<p>Angaben zum Standard-Leuchtmittel:<\/p>\n<ul>\n<li>Fl\u00e4chiges LED-Panel im Lampenfu\u00df; Lichtfarbe Day White, hell, 4000 Kelvin<\/li>\n<li>Lichtstrom 420 Lumen, Leistung 6-10 Watt, Betriebsspannung 230 Volt<\/li>\n<\/ul>\n","protected":false},"excerpt":{"rendered":"<p>TUBULAR LIGHTS\u00ae sind durch ihre Modulbauweise f\u00fcr viele verschiedene Anl\u00e4sse nutzbar. Hat man einmal die technischen Komponenten (Standfu\u00df\/Ring) erworben, lassen sich die Designs in verschiedenen Farben und mit individueller Logogestaltung austauschen. Dieses Produkt hat den Anspruch, maximal flexibel zu sein, und daher ist es uns ein Anliegen, auch auf Sonderw\u00fcnsche reagieren zu k\u00f6nnen. Machen Sie\u00a0 TUBULAR LIGHTS\u00ae zu Ihrem individuellen Produkt!<\/p>\n<p>Sie haben Fragen? 0241-91051030<\/p>\n","protected":false},"featured_media":482,"comment_status":"open","ping_status":"closed","template":"","meta":[],"product_brand":[],"product_cat":[15],"product_tag":[],"class_list":{"0":"post-342","1":"product","2":"type-product","3":"status-publish","4":"has-post-thumbnail","6":"product_cat-unkategorisiert","8":"first","9":"instock","10":"taxable","11":"shipping-taxable","12":"purchasable","13":"product-type-variable"},"yoast_head":"<!-- This site is optimized with the Yoast SEO plugin v26.8 - https:\/\/yoast.com\/product\/yoast-seo-wordpress\/ -->\n<title>TUBULAR LIGHTS\u00ae Komplett-Set 50cm - TUBULAR LIGHTS\u00ae<\/title>\n<meta name=\"robots\" content=\"index, follow, max-snippet:-1, max-image-preview:large, max-video-preview:-1\" \/>\n<link rel=\"canonical\" href=\"https:\/\/tubularlights.de\/?product=tubular-lights-komplett-set-500mm-hoehe\" \/>\n<meta property=\"og:locale\" content=\"de_DE\" \/>\n<meta property=\"og:type\" content=\"article\" \/>\n<meta property=\"og:title\" content=\"TUBULAR LIGHTS\u00ae Komplett-Set 50cm - TUBULAR LIGHTS\u00ae\" \/>\n<meta property=\"og:description\" content=\"TUBULAR LIGHTS\u00ae sind durch ihre Modulbauweise f\u00fcr viele verschiedene Anl\u00e4sse nutzbar. Hat man einmal die technischen Komponenten (Standfu\u00df\/Ring) erworben, lassen sich die Designs in verschiedenen Farben und mit individueller Logogestaltung austauschen. Dieses Produkt hat den Anspruch, maximal flexibel zu sein, und daher ist es uns ein Anliegen, auch auf Sonderw\u00fcnsche reagieren zu k\u00f6nnen. Machen Sie\u00a0 TUBULAR LIGHTS\u00ae zu Ihrem individuellen Produkt!  Sie haben Fragen? 0241-91051030\" \/>\n<meta property=\"og:url\" content=\"https:\/\/tubularlights.de\/?product=tubular-lights-komplett-set-500mm-hoehe\" \/>\n<meta property=\"og:site_name\" content=\"TUBULAR LIGHTS\u00ae\" \/>\n<meta property=\"article:modified_time\" content=\"2026-04-17T05:26:38+00:00\" \/>\n<meta property=\"og:image\" content=\"https:\/\/tubularlights.de\/wp-content\/uploads\/2019\/10\/vorlage_wei\u00df_klein.png\" \/>\n\t<meta property=\"og:image:width\" content=\"308\" \/>\n\t<meta property=\"og:image:height\" content=\"252\" \/>\n\t<meta property=\"og:image:type\" content=\"image\/png\" \/>\n<meta name=\"twitter:card\" content=\"summary_large_image\" \/>\n<meta name=\"twitter:label1\" content=\"Gesch\u00e4tzte Lesezeit\" \/>\n\t<meta name=\"twitter:data1\" content=\"1\u00a0Minute\" \/>\n<script type=\"application\/ld+json\" class=\"yoast-schema-graph\">{\"@context\":\"https:\/\/schema.org\",\"@graph\":[{\"@type\":\"WebPage\",\"@id\":\"https:\/\/tubularlights.de\/?product=tubular-lights-komplett-set-500mm-hoehe\",\"url\":\"https:\/\/tubularlights.de\/?product=tubular-lights-komplett-set-500mm-hoehe\",\"name\":\"TUBULAR LIGHTS\u00ae Komplett-Set 50cm - TUBULAR LIGHTS\u00ae\",\"isPartOf\":{\"@id\":\"https:\/\/tubularlights.de\/#website\"},\"primaryImageOfPage\":{\"@id\":\"https:\/\/tubularlights.de\/?product=tubular-lights-komplett-set-500mm-hoehe#primaryimage\"},\"image\":{\"@id\":\"https:\/\/tubularlights.de\/?product=tubular-lights-komplett-set-500mm-hoehe#primaryimage\"},\"thumbnailUrl\":\"https:\/\/tubularlights.de\/wp-content\/uploads\/2019\/10\/vorlage_wei\u00df_klein.png\",\"datePublished\":\"2019-09-04T12:02:57+00:00\",\"dateModified\":\"2026-04-17T05:26:38+00:00\",\"breadcrumb\":{\"@id\":\"https:\/\/tubularlights.de\/?product=tubular-lights-komplett-set-500mm-hoehe#breadcrumb\"},\"inLanguage\":\"de\",\"potentialAction\":[{\"@type\":\"ReadAction\",\"target\":[\"https:\/\/tubularlights.de\/?product=tubular-lights-komplett-set-500mm-hoehe\"]}]},{\"@type\":\"ImageObject\",\"inLanguage\":\"de\",\"@id\":\"https:\/\/tubularlights.de\/?product=tubular-lights-komplett-set-500mm-hoehe#primaryimage\",\"url\":\"https:\/\/tubularlights.de\/wp-content\/uploads\/2019\/10\/vorlage_wei\u00df_klein.png\",\"contentUrl\":\"https:\/\/tubularlights.de\/wp-content\/uploads\/2019\/10\/vorlage_wei\u00df_klein.png\",\"width\":308,\"height\":252},{\"@type\":\"BreadcrumbList\",\"@id\":\"https:\/\/tubularlights.de\/?product=tubular-lights-komplett-set-500mm-hoehe#breadcrumb\",\"itemListElement\":[{\"@type\":\"ListItem\",\"position\":1,\"name\":\"Startseite\",\"item\":\"https:\/\/tubularlights.de\/\"},{\"@type\":\"ListItem\",\"position\":2,\"name\":\"Shop\",\"item\":\"https:\/\/tubularlights.de\/?page_id=7\"},{\"@type\":\"ListItem\",\"position\":3,\"name\":\"TUBULAR LIGHTS\u00ae Komplett-Set 50cm\"}]},{\"@type\":\"WebSite\",\"@id\":\"https:\/\/tubularlights.de\/#website\",\"url\":\"https:\/\/tubularlights.de\/\",\"name\":\"TUBULAR LIGHTS\u00ae\",\"description\":\"Konfigurieren Sie sich Ihr eigenes Unikat\",\"potentialAction\":[{\"@type\":\"SearchAction\",\"target\":{\"@type\":\"EntryPoint\",\"urlTemplate\":\"https:\/\/tubularlights.de\/?s={search_term_string}\"},\"query-input\":{\"@type\":\"PropertyValueSpecification\",\"valueRequired\":true,\"valueName\":\"search_term_string\"}}],\"inLanguage\":\"de\"}]}<\/script>\n<!-- \/ Yoast SEO plugin. -->","yoast_head_json":{"title":"TUBULAR LIGHTS\u00ae Komplett-Set 50cm - TUBULAR LIGHTS\u00ae","robots":{"index":"index","follow":"follow","max-snippet":"max-snippet:-1","max-image-preview":"max-image-preview:large","max-video-preview":"max-video-preview:-1"},"canonical":"https:\/\/tubularlights.de\/?product=tubular-lights-komplett-set-500mm-hoehe","og_locale":"de_DE","og_type":"article","og_title":"TUBULAR LIGHTS\u00ae Komplett-Set 50cm - TUBULAR LIGHTS\u00ae","og_description":"TUBULAR LIGHTS\u00ae sind durch ihre Modulbauweise f\u00fcr viele verschiedene Anl\u00e4sse nutzbar. Hat man einmal die technischen Komponenten (Standfu\u00df\/Ring) erworben, lassen sich die Designs in verschiedenen Farben und mit individueller Logogestaltung austauschen. Dieses Produkt hat den Anspruch, maximal flexibel zu sein, und daher ist es uns ein Anliegen, auch auf Sonderw\u00fcnsche reagieren zu k\u00f6nnen. Machen Sie\u00a0 TUBULAR LIGHTS\u00ae zu Ihrem individuellen Produkt!  Sie haben Fragen? 0241-91051030","og_url":"https:\/\/tubularlights.de\/?product=tubular-lights-komplett-set-500mm-hoehe","og_site_name":"TUBULAR LIGHTS\u00ae","article_modified_time":"2026-04-17T05:26:38+00:00","og_image":[{"width":308,"height":252,"url":"https:\/\/tubularlights.de\/wp-content\/uploads\/2019\/10\/vorlage_wei\u00df_klein.png","type":"image\/png"}],"twitter_card":"summary_large_image","twitter_misc":{"Gesch\u00e4tzte Lesezeit":"1\u00a0Minute"},"schema":{"@context":"https:\/\/schema.org","@graph":[{"@type":"WebPage","@id":"https:\/\/tubularlights.de\/?product=tubular-lights-komplett-set-500mm-hoehe","url":"https:\/\/tubularlights.de\/?product=tubular-lights-komplett-set-500mm-hoehe","name":"TUBULAR LIGHTS\u00ae Komplett-Set 50cm - TUBULAR LIGHTS\u00ae","isPartOf":{"@id":"https:\/\/tubularlights.de\/#website"},"primaryImageOfPage":{"@id":"https:\/\/tubularlights.de\/?product=tubular-lights-komplett-set-500mm-hoehe#primaryimage"},"image":{"@id":"https:\/\/tubularlights.de\/?product=tubular-lights-komplett-set-500mm-hoehe#primaryimage"},"thumbnailUrl":"https:\/\/tubularlights.de\/wp-content\/uploads\/2019\/10\/vorlage_wei\u00df_klein.png","datePublished":"2019-09-04T12:02:57+00:00","dateModified":"2026-04-17T05:26:38+00:00","breadcrumb":{"@id":"https:\/\/tubularlights.de\/?product=tubular-lights-komplett-set-500mm-hoehe#breadcrumb"},"inLanguage":"de","potentialAction":[{"@type":"ReadAction","target":["https:\/\/tubularlights.de\/?product=tubular-lights-komplett-set-500mm-hoehe"]}]},{"@type":"ImageObject","inLanguage":"de","@id":"https:\/\/tubularlights.de\/?product=tubular-lights-komplett-set-500mm-hoehe#primaryimage","url":"https:\/\/tubularlights.de\/wp-content\/uploads\/2019\/10\/vorlage_wei\u00df_klein.png","contentUrl":"https:\/\/tubularlights.de\/wp-content\/uploads\/2019\/10\/vorlage_wei\u00df_klein.png","width":308,"height":252},{"@type":"BreadcrumbList","@id":"https:\/\/tubularlights.de\/?product=tubular-lights-komplett-set-500mm-hoehe#breadcrumb","itemListElement":[{"@type":"ListItem","position":1,"name":"Startseite","item":"https:\/\/tubularlights.de\/"},{"@type":"ListItem","position":2,"name":"Shop","item":"https:\/\/tubularlights.de\/?page_id=7"},{"@type":"ListItem","position":3,"name":"TUBULAR LIGHTS\u00ae Komplett-Set 50cm"}]},{"@type":"WebSite","@id":"https:\/\/tubularlights.de\/#website","url":"https:\/\/tubularlights.de\/","name":"TUBULAR LIGHTS\u00ae","description":"Konfigurieren Sie sich Ihr eigenes Unikat","potentialAction":[{"@type":"SearchAction","target":{"@type":"EntryPoint","urlTemplate":"https:\/\/tubularlights.de\/?s={search_term_string}"},"query-input":{"@type":"PropertyValueSpecification","valueRequired":true,"valueName":"search_term_string"}}],"inLanguage":"de"}]}},"_links":{"self":[{"href":"https:\/\/tubularlights.de\/index.php?rest_route=\/wp\/v2\/product\/342","targetHints":{"allow":["GET"]}}],"collection":[{"href":"https:\/\/tubularlights.de\/index.php?rest_route=\/wp\/v2\/product"}],"about":[{"href":"https:\/\/tubularlights.de\/index.php?rest_route=\/wp\/v2\/types\/product"}],"replies":[{"embeddable":true,"href":"https:\/\/tubularlights.de\/index.php?rest_route=%2Fwp%2Fv2%2Fcomments&post=342"}],"wp:featuredmedia":[{"embeddable":true,"href":"https:\/\/tubularlights.de\/index.php?rest_route=\/wp\/v2\/media\/482"}],"wp:attachment":[{"href":"https:\/\/tubularlights.de\/index.php?rest_route=%2Fwp%2Fv2%2Fmedia&parent=342"}],"wp:term":[{"taxonomy":"product_brand","embeddable":true,"href":"https:\/\/tubularlights.de\/index.php?rest_route=%2Fwp%2Fv2%2Fproduct_brand&post=342"},{"taxonomy":"product_cat","embeddable":true,"href":"https:\/\/tubularlights.de\/index.php?rest_route=%2Fwp%2Fv2%2Fproduct_cat&post=342"},{"taxonomy":"product_tag","embeddable":true,"href":"https:\/\/tubularlights.de\/index.php?rest_route=%2Fwp%2Fv2%2Fproduct_tag&post=342"}],"curies":[{"name":"wp","href":"https:\/\/api.w.org\/{rel}","templated":true}]}}