{"id":229,"date":"2019-08-27T11:46:56","date_gmt":"2019-08-27T11:46:56","guid":{"rendered":"http:\/\/tubularlights.de\/?post_type=product&#038;p=229"},"modified":"2026-04-30T14:24:52","modified_gmt":"2026-04-30T14:24:52","slug":"tubular-lights-ringe","status":"publish","type":"product","link":"https:\/\/tubularlights.de\/?product=tubular-lights-ringe","title":{"rendered":"TUBULAR LIGHTS\u00ae Ringe"},"content":{"rendered":"<p>F\u00fcr Hochzeiten, Firmenbrandings oder als Dekoelement: TUBULAR LIGHTS\u00ae sind f\u00fcr verschiedenste Einsatzszenarien entwickelt. Sie bieten durch ihre flexible Bauweise maximalen Gestaltungsspielraum und sind auch als wasserfeste Ausf\u00fchrung f\u00fcr den Au\u00dfenbereich erh\u00e4ltlich. F\u00fcgen Sie Ihr Logo als EPS-Datei der Bestellung bei. Wir machen einen kostenfreien Datencheck und senden Ihnen die Druckfreigabedatei innerhalb von zwei Werktagen zu. Sie m\u00f6chten eine andere K\u00f6rperfarbe, haben aber schon einen Standfu\u00df\/Ring? Kein Problem! Sie erhalten sowohl Fu\u00df\/Ring als auch den K\u00f6rper einzeln.<\/p>\n<p>&nbsp;<\/p>\n","protected":false},"excerpt":{"rendered":"<p>Die TUBULAR LIGHTS\u00ae ist durch ihre Modulbauweise f\u00fcr viele verschiedene Anl\u00e4sse nutzbar. Hat man einmal die technischen Komponenten erworben, lassen sich die Designs in verschiedenen Farben und mit individueller Logogestaltung austauschen. Dieses Produkt hat den Anspruch maximal Flexibel zu sein, daher ist es uns ein Anliegen auch auf Sonderw\u00fcnsche reagieren zu k\u00f6nnen. Machen Sie die TUBULAR LIGHTS\u00ae zu ihrem individuellen Produkt.<\/p>\n<p>&nbsp;<\/p>\n","protected":false},"featured_media":302,"comment_status":"open","ping_status":"closed","template":"","meta":[],"product_brand":[],"product_cat":[15],"product_tag":[],"class_list":{"0":"post-229","1":"product","2":"type-product","3":"status-publish","4":"has-post-thumbnail","6":"product_cat-unkategorisiert","8":"first","9":"instock","10":"taxable","11":"shipping-taxable","12":"purchasable","13":"product-type-variable"},"yoast_head":"<!-- This site is optimized with the Yoast SEO plugin v26.8 - https:\/\/yoast.com\/product\/yoast-seo-wordpress\/ -->\n<title>TUBULAR LIGHTS\u00ae Ringe - TUBULAR LIGHTS\u00ae<\/title>\n<meta name=\"robots\" content=\"index, follow, max-snippet:-1, max-image-preview:large, max-video-preview:-1\" \/>\n<link rel=\"canonical\" href=\"https:\/\/tubularlights.de\/?product=tubular-lights-ringe\" \/>\n<meta property=\"og:locale\" content=\"de_DE\" \/>\n<meta property=\"og:type\" content=\"article\" \/>\n<meta property=\"og:title\" content=\"TUBULAR LIGHTS\u00ae Ringe - TUBULAR LIGHTS\u00ae\" \/>\n<meta property=\"og:description\" content=\"Die TUBULAR LIGHTS\u00ae ist durch ihre Modulbauweise f\u00fcr viele verschiedene Anl\u00e4sse nutzbar. Hat man einmal die technischen Komponenten erworben, lassen sich die Designs in verschiedenen Farben und mit individueller Logogestaltung austauschen. Dieses Produkt hat den Anspruch maximal Flexibel zu sein, daher ist es uns ein Anliegen auch auf Sonderw\u00fcnsche reagieren zu k\u00f6nnen. Machen Sie die TUBULAR LIGHTS\u00ae zu ihrem individuellen Produkt.  &nbsp;\" \/>\n<meta property=\"og:url\" content=\"https:\/\/tubularlights.de\/?product=tubular-lights-ringe\" \/>\n<meta property=\"og:site_name\" content=\"TUBULAR LIGHTS\u00ae\" \/>\n<meta property=\"article:modified_time\" content=\"2026-04-30T14:24:52+00:00\" \/>\n<meta property=\"og:image\" content=\"https:\/\/tubularlights.de\/wp-content\/uploads\/2019\/08\/ring_blau.png\" \/>\n\t<meta property=\"og:image:width\" content=\"308\" \/>\n\t<meta property=\"og:image:height\" content=\"252\" \/>\n\t<meta property=\"og:image:type\" content=\"image\/png\" \/>\n<meta name=\"twitter:card\" content=\"summary_large_image\" \/>\n<script type=\"application\/ld+json\" class=\"yoast-schema-graph\">{\"@context\":\"https:\/\/schema.org\",\"@graph\":[{\"@type\":\"WebPage\",\"@id\":\"https:\/\/tubularlights.de\/?product=tubular-lights-ringe\",\"url\":\"https:\/\/tubularlights.de\/?product=tubular-lights-ringe\",\"name\":\"TUBULAR LIGHTS\u00ae Ringe - TUBULAR LIGHTS\u00ae\",\"isPartOf\":{\"@id\":\"https:\/\/tubularlights.de\/#website\"},\"primaryImageOfPage\":{\"@id\":\"https:\/\/tubularlights.de\/?product=tubular-lights-ringe#primaryimage\"},\"image\":{\"@id\":\"https:\/\/tubularlights.de\/?product=tubular-lights-ringe#primaryimage\"},\"thumbnailUrl\":\"https:\/\/tubularlights.de\/wp-content\/uploads\/2019\/08\/ring_blau.png\",\"datePublished\":\"2019-08-27T11:46:56+00:00\",\"dateModified\":\"2026-04-30T14:24:52+00:00\",\"breadcrumb\":{\"@id\":\"https:\/\/tubularlights.de\/?product=tubular-lights-ringe#breadcrumb\"},\"inLanguage\":\"de\",\"potentialAction\":[{\"@type\":\"ReadAction\",\"target\":[\"https:\/\/tubularlights.de\/?product=tubular-lights-ringe\"]}]},{\"@type\":\"ImageObject\",\"inLanguage\":\"de\",\"@id\":\"https:\/\/tubularlights.de\/?product=tubular-lights-ringe#primaryimage\",\"url\":\"https:\/\/tubularlights.de\/wp-content\/uploads\/2019\/08\/ring_blau.png\",\"contentUrl\":\"https:\/\/tubularlights.de\/wp-content\/uploads\/2019\/08\/ring_blau.png\",\"width\":308,\"height\":252},{\"@type\":\"BreadcrumbList\",\"@id\":\"https:\/\/tubularlights.de\/?product=tubular-lights-ringe#breadcrumb\",\"itemListElement\":[{\"@type\":\"ListItem\",\"position\":1,\"name\":\"Startseite\",\"item\":\"https:\/\/tubularlights.de\/\"},{\"@type\":\"ListItem\",\"position\":2,\"name\":\"Shop\",\"item\":\"https:\/\/tubularlights.de\/?page_id=7\"},{\"@type\":\"ListItem\",\"position\":3,\"name\":\"TUBULAR LIGHTS\u00ae Ringe\"}]},{\"@type\":\"WebSite\",\"@id\":\"https:\/\/tubularlights.de\/#website\",\"url\":\"https:\/\/tubularlights.de\/\",\"name\":\"TUBULAR LIGHTS\u00ae\",\"description\":\"Konfigurieren Sie sich Ihr eigenes Unikat\",\"potentialAction\":[{\"@type\":\"SearchAction\",\"target\":{\"@type\":\"EntryPoint\",\"urlTemplate\":\"https:\/\/tubularlights.de\/?s={search_term_string}\"},\"query-input\":{\"@type\":\"PropertyValueSpecification\",\"valueRequired\":true,\"valueName\":\"search_term_string\"}}],\"inLanguage\":\"de\"}]}<\/script>\n<!-- \/ Yoast SEO plugin. -->","yoast_head_json":{"title":"TUBULAR LIGHTS\u00ae Ringe - TUBULAR LIGHTS\u00ae","robots":{"index":"index","follow":"follow","max-snippet":"max-snippet:-1","max-image-preview":"max-image-preview:large","max-video-preview":"max-video-preview:-1"},"canonical":"https:\/\/tubularlights.de\/?product=tubular-lights-ringe","og_locale":"de_DE","og_type":"article","og_title":"TUBULAR LIGHTS\u00ae Ringe - TUBULAR LIGHTS\u00ae","og_description":"Die TUBULAR LIGHTS\u00ae ist durch ihre Modulbauweise f\u00fcr viele verschiedene Anl\u00e4sse nutzbar. Hat man einmal die technischen Komponenten erworben, lassen sich die Designs in verschiedenen Farben und mit individueller Logogestaltung austauschen. Dieses Produkt hat den Anspruch maximal Flexibel zu sein, daher ist es uns ein Anliegen auch auf Sonderw\u00fcnsche reagieren zu k\u00f6nnen. Machen Sie die TUBULAR LIGHTS\u00ae zu ihrem individuellen Produkt.  &nbsp;","og_url":"https:\/\/tubularlights.de\/?product=tubular-lights-ringe","og_site_name":"TUBULAR LIGHTS\u00ae","article_modified_time":"2026-04-30T14:24:52+00:00","og_image":[{"width":308,"height":252,"url":"https:\/\/tubularlights.de\/wp-content\/uploads\/2019\/08\/ring_blau.png","type":"image\/png"}],"twitter_card":"summary_large_image","schema":{"@context":"https:\/\/schema.org","@graph":[{"@type":"WebPage","@id":"https:\/\/tubularlights.de\/?product=tubular-lights-ringe","url":"https:\/\/tubularlights.de\/?product=tubular-lights-ringe","name":"TUBULAR LIGHTS\u00ae Ringe - TUBULAR LIGHTS\u00ae","isPartOf":{"@id":"https:\/\/tubularlights.de\/#website"},"primaryImageOfPage":{"@id":"https:\/\/tubularlights.de\/?product=tubular-lights-ringe#primaryimage"},"image":{"@id":"https:\/\/tubularlights.de\/?product=tubular-lights-ringe#primaryimage"},"thumbnailUrl":"https:\/\/tubularlights.de\/wp-content\/uploads\/2019\/08\/ring_blau.png","datePublished":"2019-08-27T11:46:56+00:00","dateModified":"2026-04-30T14:24:52+00:00","breadcrumb":{"@id":"https:\/\/tubularlights.de\/?product=tubular-lights-ringe#breadcrumb"},"inLanguage":"de","potentialAction":[{"@type":"ReadAction","target":["https:\/\/tubularlights.de\/?product=tubular-lights-ringe"]}]},{"@type":"ImageObject","inLanguage":"de","@id":"https:\/\/tubularlights.de\/?product=tubular-lights-ringe#primaryimage","url":"https:\/\/tubularlights.de\/wp-content\/uploads\/2019\/08\/ring_blau.png","contentUrl":"https:\/\/tubularlights.de\/wp-content\/uploads\/2019\/08\/ring_blau.png","width":308,"height":252},{"@type":"BreadcrumbList","@id":"https:\/\/tubularlights.de\/?product=tubular-lights-ringe#breadcrumb","itemListElement":[{"@type":"ListItem","position":1,"name":"Startseite","item":"https:\/\/tubularlights.de\/"},{"@type":"ListItem","position":2,"name":"Shop","item":"https:\/\/tubularlights.de\/?page_id=7"},{"@type":"ListItem","position":3,"name":"TUBULAR LIGHTS\u00ae Ringe"}]},{"@type":"WebSite","@id":"https:\/\/tubularlights.de\/#website","url":"https:\/\/tubularlights.de\/","name":"TUBULAR LIGHTS\u00ae","description":"Konfigurieren Sie sich Ihr eigenes Unikat","potentialAction":[{"@type":"SearchAction","target":{"@type":"EntryPoint","urlTemplate":"https:\/\/tubularlights.de\/?s={search_term_string}"},"query-input":{"@type":"PropertyValueSpecification","valueRequired":true,"valueName":"search_term_string"}}],"inLanguage":"de"}]}},"_links":{"self":[{"href":"https:\/\/tubularlights.de\/index.php?rest_route=\/wp\/v2\/product\/229","targetHints":{"allow":["GET"]}}],"collection":[{"href":"https:\/\/tubularlights.de\/index.php?rest_route=\/wp\/v2\/product"}],"about":[{"href":"https:\/\/tubularlights.de\/index.php?rest_route=\/wp\/v2\/types\/product"}],"replies":[{"embeddable":true,"href":"https:\/\/tubularlights.de\/index.php?rest_route=%2Fwp%2Fv2%2Fcomments&post=229"}],"wp:featuredmedia":[{"embeddable":true,"href":"https:\/\/tubularlights.de\/index.php?rest_route=\/wp\/v2\/media\/302"}],"wp:attachment":[{"href":"https:\/\/tubularlights.de\/index.php?rest_route=%2Fwp%2Fv2%2Fmedia&parent=229"}],"wp:term":[{"taxonomy":"product_brand","embeddable":true,"href":"https:\/\/tubularlights.de\/index.php?rest_route=%2Fwp%2Fv2%2Fproduct_brand&post=229"},{"taxonomy":"product_cat","embeddable":true,"href":"https:\/\/tubularlights.de\/index.php?rest_route=%2Fwp%2Fv2%2Fproduct_cat&post=229"},{"taxonomy":"product_tag","embeddable":true,"href":"https:\/\/tubularlights.de\/index.php?rest_route=%2Fwp%2Fv2%2Fproduct_tag&post=229"}],"curies":[{"name":"wp","href":"https:\/\/api.w.org\/{rel}","templated":true}]}}