{"id":44,"date":"2019-04-11T18:03:33","date_gmt":"2019-04-11T18:03:33","guid":{"rendered":"http:\/\/tubularlights.de\/?page_id=44"},"modified":"2019-09-10T14:44:18","modified_gmt":"2019-09-10T14:44:18","slug":"agb","status":"publish","type":"page","link":"https:\/\/tubularlights.de\/?page_id=44","title":{"rendered":"AGB"},"content":{"rendered":"<p>Allgemeine Gesch\u00e4ftsbedingungen TUBULAR LIGHTS<br \/><strong>1. Geltungsbereich<\/strong><br \/>F\u00fcr alle Bestellungen \u00fcber unseren Online-Shop durch Verbraucher und Unternehmer gelten die<br \/>nachfolgenden AGB.<br \/>Verbraucher ist jede nat\u00fcrliche Person, die ein Rechtsgesch\u00e4ft zu Zwecken abschlie\u00dft, die \u00fcberwiegend<br \/>weder ihrer gewerblichen noch ihrer selbst\u00e4ndigen beruflichen T\u00e4tigkeit zugerechnet werden k\u00f6nnen.<br \/>Unternehmer ist eine nat\u00fcrliche oder juristische Person oder eine rechtsf\u00e4hige Personengesellschaft, die<br \/>bei Abschluss eines Rechtsgesch\u00e4fts in Aus\u00fcbung ihrer gewerblichen oder selbst\u00e4ndigen beruflichen<br \/>T\u00e4tigkeit handelt.<br \/>Gegen\u00fcber Unternehmern gilt: Verwendet der Unternehmer entgegenstehende oder erg\u00e4nzende<br \/>Allgemeine Gesch\u00e4ftsbedingungen, wird deren Geltung hiermit widersprochen; sie werden nur dann<br \/>Vertragsbestandteil, wenn wir dem ausdr\u00fccklich zugestimmt haben.<br \/><strong>2. Vertragspartner, Vertragsschluss<\/strong><br \/>Der Kaufvertrag kommt zustande mit SCH\u00dcRINGS CONSULT.<br \/>Mit Einstellung der Produkte in den Online-Shop geben wir ein verbindliches Angebot zum Vertragsschluss<br \/>\u00fcber diese Artikel ab. Sie k\u00f6nnen unsere Produkte zun\u00e4chst unverbindlich in den Warenkorb legen und Ihre<br \/>Eingaben vor Absenden Ihrer verbindlichen Bestellung jederzeit korrigieren, indem Sie die hierf\u00fcr im<br \/>Bestellablauf vorgesehenen und erl\u00e4uterten Korrekturhilfen nutzen. Der Vertrag kommt zustande, indem<br \/>Sie durch Anklicken des Bestellbuttons das Angebot \u00fcber die im Warenkorb enthaltenen Waren annehmen.<br \/>Unmittelbar nach dem Absenden der Bestellung erhalten Sie noch einmal eine Best\u00e4tigung per E-Mail.<br \/><strong>3. Vertragssprache, Vertragstextspeicherung<\/strong><br \/>Die f\u00fcr den Vertragsschluss zur Verf\u00fcgung stehende Sprache ist Deutsch.<br \/>Wir speichern den Vertragstext und senden Ihnen die Bestelldaten und unsere AGB in Textform zu. Der<br \/>Vertragstext ist aus Sicherheitsgr\u00fcnden nicht mehr \u00fcber das Internet zug\u00e4nglich.<br \/><strong>4. Lieferbedingungen<\/strong><br \/>Zuz\u00fcglich zu den angegebenen Produktpreisen kommen noch Versandkosten hinzu. N\u00e4heres zur H\u00f6he der<br \/>Versandkosten erfahren Sie bei den Angeboten.<br \/>Sie haben grunds\u00e4tzlich die M\u00f6glichkeit der Abholung bei SCH\u00dcRINGS CONSULT, Gr\u00fcner Winkel 3,<br \/>52070 Aachen, Deutschland zu den nachfolgend angegebenen Gesch\u00e4ftszeiten: Montag bis Freitag<br \/>Wir liefern nicht an Packstationen.<br \/><strong>5. Bezahlung<\/strong><br \/>In unserem Shop stehen Ihnen grunds\u00e4tzlich die folgenden Zahlungsarten zur Verf\u00fcgung:<br \/>Vorkasse<br \/>Bei Auswahl der Zahlungsart Vorkasse nennen wir Ihnen unsere Bankverbindung in separater E-Mail und<br \/>liefern die Ware nach Zahlungseingang.<br \/>Rechnung<br \/>Sie zahlen den Rechnungsbetrag nach Erhalt der Ware und der Rechnung per \u00dcberweisung auf unser<br \/>Bankkonto. Wir behalten uns vor, den Kauf auf Rechnung nur nach einer erfolgreichen Bonit\u00e4tspr\u00fcfung<br \/>anzubieten.<br \/><strong>6. Widerrufsrecht<\/strong><br \/>Verbrauchern steht das gesetzliche Widerrufsrecht, wie in der Widerrufsbelehrung beschrieben, zu.<br \/>Unternehmern wird kein freiwilliges Widerrufsrecht einger\u00e4umt.<br \/>7. Eigentumsvorbehalt<br \/>Die Ware bleibt bis zur vollst\u00e4ndigen Bezahlung unser Eigentum.<br \/>F\u00fcr Unternehmer gilt erg\u00e4nzend: Wir behalten uns das Eigentum an der Ware bis zur vollst\u00e4ndigen<br \/>Begleichung aller Forderungen aus einer laufenden Gesch\u00e4ftsbeziehung vor. Sie d\u00fcrfen die<br \/>Vorbehaltsware im ordentlichen Gesch\u00e4ftsbetrieb weiterver\u00e4u\u00dfern; s\u00e4mtliche aus diesem Weiterverkauf<br \/>entstehenden Forderungen treten Sie \u2013 unabh\u00e4ngig von einer Verbindung oder Vermischung der<br \/>Vorbehaltsware mit einer neuen Sache &#8211; in H\u00f6he des Rechnungsbetrages an uns im Voraus ab, und wir<br \/>nehmen diese Abtretung an. Sie bleiben zur Einziehung der Forderungen erm\u00e4chtigt, wir d\u00fcrfen<br \/>Forderungen jedoch auch selbst einziehen, soweit Sie Ihren Zahlungsverpflichtungen nicht nachkommen.<br \/><strong>8. Transportsch\u00e4den<\/strong><br \/>F\u00fcr Verbraucher gilt: Werden Waren mit offensichtlichen Transportsch\u00e4den angeliefert, so reklamieren Sie<br \/>solche Fehler bitte m\u00f6glichst sofort beim Zusteller und nehmen Sie bitte unverz\u00fcglich Kontakt zu uns auf.<br \/>Die Vers\u00e4umung einer Reklamation oder Kontaktaufnahme hat f\u00fcr Ihre gesetzlichen Anspr\u00fcche und deren<br \/>Durchsetzung, insbesondere Ihre Gew\u00e4hrleistungsrechte, keinerlei Konsequenzen. Sie helfen uns aber,<br \/>unsere eigenen Anspr\u00fcche gegen\u00fcber dem Frachtf\u00fchrer bzw. der Transportversicherung geltend machen<br \/>zu k\u00f6nnen.<br \/>F\u00fcr Unternehmer gilt: Die Gefahr des zuf\u00e4lligen Untergangs und der zuf\u00e4lligen Verschlechterung geht auf<br \/>Sie \u00fcber, sobald wir die Sache dem Spediteur, dem Frachtf\u00fchrer oder der sonst zur Ausf\u00fchrung der<br \/>Versendung bestimmten Person oder Anstalt ausgeliefert haben. Unter Kaufleuten gilt die in \u00a7 377 HGB<br \/>geregelte Untersuchungs- und R\u00fcgepflicht. Unterlassen Sie die dort geregelte Anzeige, so gilt die Ware als<br \/>genehmigt, es sei denn, dass es sich um einen Mangel handelt, der bei der Untersuchung nicht erkennbar<br \/>war. Dies gilt nicht, falls wir einen Mangel arglistig verschwiegen haben.<br \/><strong>9. Gew\u00e4hrleistung und Garantien<\/strong><br \/>Soweit nicht nachstehend ausdr\u00fccklich anders vereinbart, gilt das gesetzliche M\u00e4ngelhaftungsrecht.<br \/>Beim Kauf gebrauchter Waren durch Verbraucher gilt: wenn der Mangel nach Ablauf eines Jahres ab<br \/>Ablieferung der Ware auftritt, sind die M\u00e4ngelanspr\u00fcche ausgeschlossen. M\u00e4ngel, die innerhalb eines<br \/>Jahres ab Ablieferung der Ware auftreten, k\u00f6nnen im Rahmen der gesetzlichen Verj\u00e4hrungsfrist von zwei<br \/>Jahren ab Ablieferung der Ware geltend gemacht werden.<br \/>F\u00fcr Unternehmer betr\u00e4gt die Verj\u00e4hrungsfrist f\u00fcr M\u00e4ngelanspr\u00fcche bei neu hergestellten Sachen ein Jahr<br \/>ab Gefahr\u00fcbergang. Der Verkauf gebrauchter Waren erfolgt unter Ausschluss jeglicher Gew\u00e4hrleistung. Die<br \/>gesetzlichen Verj\u00e4hrungsfristen f\u00fcr den R\u00fcckgriffsanspruch nach \u00a7 445a BGB bleiben unber\u00fchrt.<br \/>Gegen\u00fcber Unternehmern gelten als Vereinbarung \u00fcber die Beschaffenheit der Ware nur unsere eigenen<br \/>Angaben und die Produktbeschreibungen des Herstellers, die in den Vertrag einbezogen wurden; f\u00fcr<br \/>\u00f6ffentliche \u00c4u\u00dferungen des Herstellers oder sonstige Werbeaussagen \u00fcbernehmen wir keine Haftung.<br \/>Ist die gelieferte Sache mangelhaft, leisten wir gegen\u00fcber Unternehmern zun\u00e4chst nach unserer Wahl<br \/>Gew\u00e4hr durch Beseitigung des Mangels (Nachbesserung) oder durch Lieferung einer mangelfreien Sache<br \/>(Ersatzlieferung).<br \/>Die vorstehenden Einschr\u00e4nkungen und Fristverk\u00fcrzungen gelten nicht f\u00fcr Anspr\u00fcche aufgrund von<br \/>Sch\u00e4den, die durch uns, unsere gesetzlichen Vertreter oder Erf\u00fcllungsgehilfen verursacht wurden<br \/>\u2022 bei Verletzung des Lebens, des K\u00f6rpers oder der Gesundheit<br \/>\u2022 bei vors\u00e4tzlicher oder grob fahrl\u00e4ssiger Pflichtverletzung sowie Arglist<br \/>\u2022 bei Verletzung wesentlicher Vertragspflichten, deren Erf\u00fcllung die ordnungsgem\u00e4\u00dfe Durchf\u00fchrung des<br \/>Vertrages \u00fcberhaupt erst erm\u00f6glicht und auf deren Einhaltung der Vertragspartner regelm\u00e4\u00dfig vertrauen<br \/>darf (Kardinalpflichten)<br \/>\u2022 im Rahmen eines Garantieversprechens, soweit vereinbart<br \/>\u2022 soweit der Anwendungsbereich des Produkthaftungsgesetzes er\u00f6ffnet ist.<br \/>Informationen zu gegebenenfalls geltenden zus\u00e4tzlichen Garantien und deren genaue Bedingungen finden<br \/>Sie jeweils beim Produkt und auf besonderen Informationsseiten im Online-Shop.<br \/><strong>10. Haftung<\/strong><br \/>F\u00fcr Anspr\u00fcche aufgrund von Sch\u00e4den, die durch uns, unsere gesetzlichen Vertreter oder Erf\u00fcllungsgehilfen<br \/>verursacht wurden, haften wir stets unbeschr\u00e4nkt<br \/>\u2022 bei Verletzung des Lebens, des K\u00f6rpers oder der Gesundheit<br \/>\u2022 bei vors\u00e4tzlicher oder grob fahrl\u00e4ssiger Pflichtverletzung<br \/>\u2022 bei Garantieversprechen, soweit vereinbart, oder<br \/>\u2022 soweit der Anwendungsbereich des Produkthaftungsgesetzes er\u00f6ffnet ist.<br \/>Bei Verletzung wesentlicher Vertragspflichten, deren Erf\u00fcllung die ordnungsgem\u00e4\u00dfe Durchf\u00fchrung des<br \/>Vertrages \u00fcberhaupt erst erm\u00f6glicht und auf deren Einhaltung der Vertragspartner regelm\u00e4\u00dfig vertrauen<br \/>darf, (Kardinalpflichten) durch leichte Fahrl\u00e4ssigkeit von uns, unseren gesetzlichen Vertretern oder<br \/>Erf\u00fcllungsgehilfen ist die Haftung der H\u00f6he nach auf den bei Vertragsschluss vorhersehbaren Schaden<br \/>begrenzt, mit dessen Entstehung typischerweise gerechnet werden muss.<br \/>Im \u00dcbrigen sind Anspr\u00fcche auf Schadensersatz ausgeschlossen.<br \/><strong>11. Streitbeilegung<\/strong><br \/>Die Europ\u00e4ische Kommission stellt eine Plattform zur Online-Streitbeilegung (OS) bereit, die Sie hier<br \/>finden. Wir sind bereit, an einem au\u00dfergerichtlichen Schlichtungsverfahren vor einer Verbraucherschlichtungsstelle<br \/>teilzunehmen.<br \/><strong>12. Schlussbestimmungen<\/strong><br \/>Sind Sie Unternehmer, dann gilt deutsches Recht unter Ausschluss des UN-Kaufrechts.<br \/>Sind Sie Kaufmann im Sinne des Handelsgesetzbuches, juristische Person des \u00f6ffentlichen Rechts oder<br \/>\u00f6ffentlich-rechtliches Sonderverm\u00f6gen, ist ausschlie\u00dflicher Gerichtsstand f\u00fcr alle Streitigkeiten aus<br \/>Vertragsverh\u00e4ltnissen zwischen uns und Ihnen unser Gesch\u00e4ftssitz.<br \/>AGB erstellt mit dem Trusted Shops Rechtstexter in Kooperation mit Wilde Beuger Solmecke Rechtsanw\u00e4lte.<\/p>\n\n\n<p><\/p>\n\n<div class=\"woocommerce woocommerce-gzd woocommerce-gzd-complaints-shortcode\">\n\t\t\t<h3>Alternative Streitbeilegung gem\u00e4\u00df Art. 14 Abs. 1 ODR-VO und \u00a7 36 VSBG:<\/h3>\n\t\nZur Teilnahme an einem Streitbeilegungsverfahren vor einer Verbraucherschlichtungsstelle sind wir nicht verpflichtet und nicht bereit.<\/div>","protected":false},"excerpt":{"rendered":"<p>Allgemeine Gesch\u00e4ftsbedingungen TUBULAR LIGHTS1. GeltungsbereichF\u00fcr alle Bestellungen \u00fcber unseren Online-Shop durch Verbraucher und Unternehmer gelten dienachfolgenden AGB.Verbraucher ist jede nat\u00fcrliche Person, die ein Rechtsgesch\u00e4ft zu Zwecken abschlie\u00dft, die \u00fcberwiegendweder ihrer gewerblichen noch ihrer selbst\u00e4ndigen beruflichen T\u00e4tigkeit zugerechnet werden k\u00f6nnen.Unternehmer ist eine nat\u00fcrliche oder juristische Person oder eine rechtsf\u00e4hige Personengesellschaft, diebei Abschluss eines Rechtsgesch\u00e4fts in Aus\u00fcbung [&hellip;]<\/p>\n","protected":false},"author":1,"featured_media":0,"parent":0,"menu_order":0,"comment_status":"closed","ping_status":"closed","template":"","meta":{"footnotes":""},"class_list":["post-44","page","type-page","status-publish","hentry"],"yoast_head":"<!-- This site is optimized with the Yoast SEO plugin v26.8 - https:\/\/yoast.com\/product\/yoast-seo-wordpress\/ -->\n<title>AGB - TUBULAR LIGHTS\u00ae<\/title>\n<meta name=\"robots\" content=\"index, follow, max-snippet:-1, max-image-preview:large, max-video-preview:-1\" \/>\n<link rel=\"canonical\" href=\"https:\/\/tubularlights.de\/?page_id=44\" \/>\n<meta property=\"og:locale\" content=\"de_DE\" \/>\n<meta property=\"og:type\" content=\"article\" \/>\n<meta property=\"og:title\" content=\"AGB - TUBULAR LIGHTS\u00ae\" \/>\n<meta property=\"og:description\" content=\"Allgemeine Gesch\u00e4ftsbedingungen TUBULAR LIGHTS1. GeltungsbereichF\u00fcr alle Bestellungen \u00fcber unseren Online-Shop durch Verbraucher und Unternehmer gelten dienachfolgenden AGB.Verbraucher ist jede nat\u00fcrliche Person, die ein Rechtsgesch\u00e4ft zu Zwecken abschlie\u00dft, die \u00fcberwiegendweder ihrer gewerblichen noch ihrer selbst\u00e4ndigen beruflichen T\u00e4tigkeit zugerechnet werden k\u00f6nnen.Unternehmer ist eine nat\u00fcrliche oder juristische Person oder eine rechtsf\u00e4hige Personengesellschaft, diebei Abschluss eines Rechtsgesch\u00e4fts in Aus\u00fcbung [&hellip;]\" \/>\n<meta property=\"og:url\" content=\"https:\/\/tubularlights.de\/?page_id=44\" \/>\n<meta property=\"og:site_name\" content=\"TUBULAR LIGHTS\u00ae\" \/>\n<meta property=\"article:modified_time\" content=\"2019-09-10T14:44:18+00:00\" \/>\n<meta name=\"twitter:card\" content=\"summary_large_image\" \/>\n<meta name=\"twitter:label1\" content=\"Gesch\u00e4tzte Lesezeit\" \/>\n\t<meta name=\"twitter:data1\" content=\"6\u00a0Minuten\" \/>\n<script type=\"application\/ld+json\" class=\"yoast-schema-graph\">{\"@context\":\"https:\/\/schema.org\",\"@graph\":[{\"@type\":\"WebPage\",\"@id\":\"https:\/\/tubularlights.de\/?page_id=44\",\"url\":\"https:\/\/tubularlights.de\/?page_id=44\",\"name\":\"AGB - TUBULAR LIGHTS\u00ae\",\"isPartOf\":{\"@id\":\"https:\/\/tubularlights.de\/#website\"},\"datePublished\":\"2019-04-11T18:03:33+00:00\",\"dateModified\":\"2019-09-10T14:44:18+00:00\",\"breadcrumb\":{\"@id\":\"https:\/\/tubularlights.de\/?page_id=44#breadcrumb\"},\"inLanguage\":\"de\",\"potentialAction\":[{\"@type\":\"ReadAction\",\"target\":[\"https:\/\/tubularlights.de\/?page_id=44\"]}]},{\"@type\":\"BreadcrumbList\",\"@id\":\"https:\/\/tubularlights.de\/?page_id=44#breadcrumb\",\"itemListElement\":[{\"@type\":\"ListItem\",\"position\":1,\"name\":\"Startseite\",\"item\":\"https:\/\/tubularlights.de\/\"},{\"@type\":\"ListItem\",\"position\":2,\"name\":\"AGB\"}]},{\"@type\":\"WebSite\",\"@id\":\"https:\/\/tubularlights.de\/#website\",\"url\":\"https:\/\/tubularlights.de\/\",\"name\":\"TUBULAR LIGHTS\u00ae\",\"description\":\"Konfigurieren Sie sich Ihr eigenes Unikat\",\"potentialAction\":[{\"@type\":\"SearchAction\",\"target\":{\"@type\":\"EntryPoint\",\"urlTemplate\":\"https:\/\/tubularlights.de\/?s={search_term_string}\"},\"query-input\":{\"@type\":\"PropertyValueSpecification\",\"valueRequired\":true,\"valueName\":\"search_term_string\"}}],\"inLanguage\":\"de\"}]}<\/script>\n<!-- \/ Yoast SEO plugin. -->","yoast_head_json":{"title":"AGB - TUBULAR LIGHTS\u00ae","robots":{"index":"index","follow":"follow","max-snippet":"max-snippet:-1","max-image-preview":"max-image-preview:large","max-video-preview":"max-video-preview:-1"},"canonical":"https:\/\/tubularlights.de\/?page_id=44","og_locale":"de_DE","og_type":"article","og_title":"AGB - TUBULAR LIGHTS\u00ae","og_description":"Allgemeine Gesch\u00e4ftsbedingungen TUBULAR LIGHTS1. GeltungsbereichF\u00fcr alle Bestellungen \u00fcber unseren Online-Shop durch Verbraucher und Unternehmer gelten dienachfolgenden AGB.Verbraucher ist jede nat\u00fcrliche Person, die ein Rechtsgesch\u00e4ft zu Zwecken abschlie\u00dft, die \u00fcberwiegendweder ihrer gewerblichen noch ihrer selbst\u00e4ndigen beruflichen T\u00e4tigkeit zugerechnet werden k\u00f6nnen.Unternehmer ist eine nat\u00fcrliche oder juristische Person oder eine rechtsf\u00e4hige Personengesellschaft, diebei Abschluss eines Rechtsgesch\u00e4fts in Aus\u00fcbung [&hellip;]","og_url":"https:\/\/tubularlights.de\/?page_id=44","og_site_name":"TUBULAR LIGHTS\u00ae","article_modified_time":"2019-09-10T14:44:18+00:00","twitter_card":"summary_large_image","twitter_misc":{"Gesch\u00e4tzte Lesezeit":"6\u00a0Minuten"},"schema":{"@context":"https:\/\/schema.org","@graph":[{"@type":"WebPage","@id":"https:\/\/tubularlights.de\/?page_id=44","url":"https:\/\/tubularlights.de\/?page_id=44","name":"AGB - TUBULAR LIGHTS\u00ae","isPartOf":{"@id":"https:\/\/tubularlights.de\/#website"},"datePublished":"2019-04-11T18:03:33+00:00","dateModified":"2019-09-10T14:44:18+00:00","breadcrumb":{"@id":"https:\/\/tubularlights.de\/?page_id=44#breadcrumb"},"inLanguage":"de","potentialAction":[{"@type":"ReadAction","target":["https:\/\/tubularlights.de\/?page_id=44"]}]},{"@type":"BreadcrumbList","@id":"https:\/\/tubularlights.de\/?page_id=44#breadcrumb","itemListElement":[{"@type":"ListItem","position":1,"name":"Startseite","item":"https:\/\/tubularlights.de\/"},{"@type":"ListItem","position":2,"name":"AGB"}]},{"@type":"WebSite","@id":"https:\/\/tubularlights.de\/#website","url":"https:\/\/tubularlights.de\/","name":"TUBULAR LIGHTS\u00ae","description":"Konfigurieren Sie sich Ihr eigenes Unikat","potentialAction":[{"@type":"SearchAction","target":{"@type":"EntryPoint","urlTemplate":"https:\/\/tubularlights.de\/?s={search_term_string}"},"query-input":{"@type":"PropertyValueSpecification","valueRequired":true,"valueName":"search_term_string"}}],"inLanguage":"de"}]}},"_links":{"self":[{"href":"https:\/\/tubularlights.de\/index.php?rest_route=\/wp\/v2\/pages\/44","targetHints":{"allow":["GET"]}}],"collection":[{"href":"https:\/\/tubularlights.de\/index.php?rest_route=\/wp\/v2\/pages"}],"about":[{"href":"https:\/\/tubularlights.de\/index.php?rest_route=\/wp\/v2\/types\/page"}],"author":[{"embeddable":true,"href":"https:\/\/tubularlights.de\/index.php?rest_route=\/wp\/v2\/users\/1"}],"replies":[{"embeddable":true,"href":"https:\/\/tubularlights.de\/index.php?rest_route=%2Fwp%2Fv2%2Fcomments&post=44"}],"version-history":[{"count":4,"href":"https:\/\/tubularlights.de\/index.php?rest_route=\/wp\/v2\/pages\/44\/revisions"}],"predecessor-version":[{"id":388,"href":"https:\/\/tubularlights.de\/index.php?rest_route=\/wp\/v2\/pages\/44\/revisions\/388"}],"wp:attachment":[{"href":"https:\/\/tubularlights.de\/index.php?rest_route=%2Fwp%2Fv2%2Fmedia&parent=44"}],"curies":[{"name":"wp","href":"https:\/\/api.w.org\/{rel}","templated":true}]}}